{"id":83,"date":"2025-05-26T15:55:11","date_gmt":"2025-05-26T18:55:11","guid":{"rendered":"https:\/\/vagasbr.com.br\/?page_id=83"},"modified":"2025-05-26T15:55:11","modified_gmt":"2025-05-26T18:55:11","slug":"politica-de-privacidade","status":"publish","type":"page","link":"https:\/\/www.vagasbr.com.br\/index.php\/politica-de-privacidade\/","title":{"rendered":"Pol\u00edtica de Privacidade"},"content":{"rendered":"<p style=\"text-align: justify;\">O site VagasPOA respeita seu visitante e assume o compromisso de proteger sua privacidade na internet. Nosso compromisso \u00e9 o de resguardar as informa\u00e7\u00f5es pessoais que nos forem fornecidas e o de utilizar estas informa\u00e7\u00f5es somente para os fins a que forem destinadas.<\/p>\n<p style=\"text-align: justify;\">Esta declara\u00e7\u00e3o de privacidade descreve as pr\u00e1ticas de privacidade do blog e explica as op\u00e7\u00f5es que s\u00e3o fornecidas sobre o modo pelo qual as informa\u00e7\u00f5es dos visitantes s\u00e3o coletadas e utilizadas.<\/p>\n<p style=\"text-align: justify;\"><strong>Logs do Servidor<\/strong><\/p>\n<p style=\"text-align: justify;\">Assim como a maioria dos sites, nossos servidores usam arquivos de log. Estes arquivos incluem endere\u00e7os IP, tipo de browser, informa\u00e7\u00f5es de provedor, p\u00e1gina de origem, p\u00e1gina de sa\u00edda, plataforma usada, data, hor\u00e1rio e n\u00famero de cliques. Estes dados n\u00e3o permitem a identifica\u00e7\u00e3o do usu\u00e1rio e s\u00e3o coletados para verificar o alcance demogr\u00e1fico do site e para permitir que nossas atualiza\u00e7\u00f5es agreguem sempre mais conte\u00fado que seja relevante aos usu\u00e1rios.<\/p>\n<p style=\"text-align: justify;\"><strong>Cookies e Web Beacons<\/strong><\/p>\n<p style=\"text-align: justify;\">Um cookie \u00e9 um pequeno arquivo de dados armazenado no computador do usu\u00e1rio que traz informa\u00e7\u00f5es do mesmo. Nosso site n\u00e3o usa cookies, entretanto alguns de nossos anunciantes usam e n\u00f3s n\u00e3o temos acesso e nem controle sobre esses cookies. Se o usu\u00e1rio desejar poder\u00e1 desabilitar o recebimento e o armazenamento de cookies em seu navegador alterando as configura\u00e7\u00f5es de seguran\u00e7a do mesmo, no menu de ferramentas. Maiores informa\u00e7\u00f5es a respeito podem ser obtidas no manual ou nos arquivos de ajuda do navegador.<\/p>\n<p style=\"text-align: justify;\"><strong>Links<\/strong><\/p>\n<p style=\"text-align: justify;\">Este blog cont\u00e9m links para outros sites. N\u00e3o somos respons\u00e1veis pelas pol\u00edticas de privacidade desses sites e encorajamos nossos usu\u00e1rios a buscar e ler essas informa\u00e7\u00f5es nos sites linkados.<\/p>\n<p style=\"text-align: justify;\"><strong>Anunciantes<\/strong><\/p>\n<p style=\"text-align: justify;\">Usamos servi\u00e7os de outras empresas para exibir an\u00fancios em nosso site. Esses an\u00fancios podem conter cookies e\/ou web beacons para coletar dados no processo de exibi\u00e7\u00e3o de an\u00fancios por essas empresas. N\u00f3s n\u00e3o temos acesso \u00e0s informa\u00e7\u00f5es coletadas por essas empresas.<\/p>\n<p style=\"text-align: justify;\"><strong>Informa\u00e7\u00f5es de Contato<\/strong><\/p>\n<p style=\"text-align: justify;\">Em caso de d\u00favidas, sugest\u00f5es ou questionamentos a respeito de nossa pol\u00edtica de privacidade ou do site, nossos usu\u00e1rios podem contatar-nos atrav\u00e9s do e-mail editor@vagasbr.com.br.<\/p>\n","protected":false},"excerpt":{"rendered":"<p>O site VagasPOA respeita seu visitante e assume o compromisso de proteger sua privacidade na internet. Nosso compromisso \u00e9 o de resguardar as informa\u00e7\u00f5es pessoais que nos forem fornecidas e o de utilizar estas informa\u00e7\u00f5es somente para os fins a que forem destinadas. Esta declara\u00e7\u00e3o de privacidade descreve as pr\u00e1ticas de privacidade do blog e [&hellip;]<\/p>\n","protected":false},"author":1,"featured_media":0,"parent":0,"menu_order":0,"comment_status":"closed","ping_status":"closed","template":"","meta":{"footnotes":""},"class_list":["post-83","page","type-page","status-publish","hentry"],"yoast_head":"<!-- This site is optimized with the Yoast SEO plugin v27.4 - https:\/\/yoast.com\/product\/yoast-seo-wordpress\/ -->\n<title>Pol\u00edtica de Privacidade - VagasBR<\/title>\n<meta name=\"robots\" content=\"index, follow, max-snippet:-1, max-image-preview:large, max-video-preview:-1\" \/>\n<link rel=\"canonical\" href=\"https:\/\/www.vagasbr.com.br\/index.php\/politica-de-privacidade\/\" \/>\n<meta property=\"og:locale\" content=\"pt_BR\" \/>\n<meta property=\"og:type\" content=\"article\" \/>\n<meta property=\"og:title\" content=\"Pol\u00edtica de Privacidade - VagasBR\" \/>\n<meta property=\"og:description\" content=\"O site VagasPOA respeita seu visitante e assume o compromisso de proteger sua privacidade na internet. Nosso compromisso \u00e9 o de resguardar as informa\u00e7\u00f5es pessoais que nos forem fornecidas e o de utilizar estas informa\u00e7\u00f5es somente para os fins a que forem destinadas. Esta declara\u00e7\u00e3o de privacidade descreve as pr\u00e1ticas de privacidade do blog e [&hellip;]\" \/>\n<meta property=\"og:url\" content=\"https:\/\/www.vagasbr.com.br\/index.php\/politica-de-privacidade\/\" \/>\n<meta property=\"og:site_name\" content=\"VagasBR\" \/>\n<meta name=\"twitter:card\" content=\"summary_large_image\" \/>\n<meta name=\"twitter:label1\" content=\"Est. tempo de leitura\" \/>\n\t<meta name=\"twitter:data1\" content=\"2 minutos\" \/>\n<script type=\"application\/ld+json\" class=\"yoast-schema-graph\">{\"@context\":\"https:\\\/\\\/schema.org\",\"@graph\":[{\"@type\":\"WebPage\",\"@id\":\"https:\\\/\\\/www.vagasbr.com.br\\\/index.php\\\/politica-de-privacidade\\\/\",\"url\":\"https:\\\/\\\/www.vagasbr.com.br\\\/index.php\\\/politica-de-privacidade\\\/\",\"name\":\"Pol\u00edtica de Privacidade - VagasBR\",\"isPartOf\":{\"@id\":\"https:\\\/\\\/www.vagasbr.com.br\\\/#website\"},\"datePublished\":\"2025-05-26T18:55:11+00:00\",\"breadcrumb\":{\"@id\":\"https:\\\/\\\/www.vagasbr.com.br\\\/index.php\\\/politica-de-privacidade\\\/#breadcrumb\"},\"inLanguage\":\"pt-BR\",\"potentialAction\":[{\"@type\":\"ReadAction\",\"target\":[\"https:\\\/\\\/www.vagasbr.com.br\\\/index.php\\\/politica-de-privacidade\\\/\"]}]},{\"@type\":\"BreadcrumbList\",\"@id\":\"https:\\\/\\\/www.vagasbr.com.br\\\/index.php\\\/politica-de-privacidade\\\/#breadcrumb\",\"itemListElement\":[{\"@type\":\"ListItem\",\"position\":1,\"name\":\"Home\",\"item\":\"https:\\\/\\\/www.vagasbr.com.br\\\/\"},{\"@type\":\"ListItem\",\"position\":2,\"name\":\"Pol\u00edtica de Privacidade\"}]},{\"@type\":\"WebSite\",\"@id\":\"https:\\\/\\\/www.vagasbr.com.br\\\/#website\",\"url\":\"https:\\\/\\\/www.vagasbr.com.br\\\/\",\"name\":\"VagasBR\",\"description\":\"Divulga\u00e7\u00e3o Gr\u00e1tis de Vagas de Emprego\",\"publisher\":{\"@id\":\"https:\\\/\\\/www.vagasbr.com.br\\\/#organization\"},\"potentialAction\":[{\"@type\":\"SearchAction\",\"target\":{\"@type\":\"EntryPoint\",\"urlTemplate\":\"https:\\\/\\\/www.vagasbr.com.br\\\/?s={search_term_string}\"},\"query-input\":{\"@type\":\"PropertyValueSpecification\",\"valueRequired\":true,\"valueName\":\"search_term_string\"}}],\"inLanguage\":\"pt-BR\"},{\"@type\":\"Organization\",\"@id\":\"https:\\\/\\\/www.vagasbr.com.br\\\/#organization\",\"name\":\"VagasBR\",\"url\":\"https:\\\/\\\/www.vagasbr.com.br\\\/\",\"logo\":{\"@type\":\"ImageObject\",\"inLanguage\":\"pt-BR\",\"@id\":\"https:\\\/\\\/www.vagasbr.com.br\\\/#\\\/schema\\\/logo\\\/image\\\/\",\"url\":\"https:\\\/\\\/www.vagasbr.com.br\\\/wp-content\\\/uploads\\\/2025\\\/05\\\/vbr-logo-1-1.jpg\",\"contentUrl\":\"https:\\\/\\\/www.vagasbr.com.br\\\/wp-content\\\/uploads\\\/2025\\\/05\\\/vbr-logo-1-1.jpg\",\"width\":229,\"height\":65,\"caption\":\"VagasBR\"},\"image\":{\"@id\":\"https:\\\/\\\/www.vagasbr.com.br\\\/#\\\/schema\\\/logo\\\/image\\\/\"}}]}<\/script>\n<!-- \/ Yoast SEO plugin. -->","yoast_head_json":{"title":"Pol\u00edtica de Privacidade - VagasBR","robots":{"index":"index","follow":"follow","max-snippet":"max-snippet:-1","max-image-preview":"max-image-preview:large","max-video-preview":"max-video-preview:-1"},"canonical":"https:\/\/www.vagasbr.com.br\/index.php\/politica-de-privacidade\/","og_locale":"pt_BR","og_type":"article","og_title":"Pol\u00edtica de Privacidade - VagasBR","og_description":"O site VagasPOA respeita seu visitante e assume o compromisso de proteger sua privacidade na internet. Nosso compromisso \u00e9 o de resguardar as informa\u00e7\u00f5es pessoais que nos forem fornecidas e o de utilizar estas informa\u00e7\u00f5es somente para os fins a que forem destinadas. Esta declara\u00e7\u00e3o de privacidade descreve as pr\u00e1ticas de privacidade do blog e [&hellip;]","og_url":"https:\/\/www.vagasbr.com.br\/index.php\/politica-de-privacidade\/","og_site_name":"VagasBR","twitter_card":"summary_large_image","twitter_misc":{"Est. tempo de leitura":"2 minutos"},"schema":{"@context":"https:\/\/schema.org","@graph":[{"@type":"WebPage","@id":"https:\/\/www.vagasbr.com.br\/index.php\/politica-de-privacidade\/","url":"https:\/\/www.vagasbr.com.br\/index.php\/politica-de-privacidade\/","name":"Pol\u00edtica de Privacidade - VagasBR","isPartOf":{"@id":"https:\/\/www.vagasbr.com.br\/#website"},"datePublished":"2025-05-26T18:55:11+00:00","breadcrumb":{"@id":"https:\/\/www.vagasbr.com.br\/index.php\/politica-de-privacidade\/#breadcrumb"},"inLanguage":"pt-BR","potentialAction":[{"@type":"ReadAction","target":["https:\/\/www.vagasbr.com.br\/index.php\/politica-de-privacidade\/"]}]},{"@type":"BreadcrumbList","@id":"https:\/\/www.vagasbr.com.br\/index.php\/politica-de-privacidade\/#breadcrumb","itemListElement":[{"@type":"ListItem","position":1,"name":"Home","item":"https:\/\/www.vagasbr.com.br\/"},{"@type":"ListItem","position":2,"name":"Pol\u00edtica de Privacidade"}]},{"@type":"WebSite","@id":"https:\/\/www.vagasbr.com.br\/#website","url":"https:\/\/www.vagasbr.com.br\/","name":"VagasBR","description":"Divulga\u00e7\u00e3o Gr\u00e1tis de Vagas de Emprego","publisher":{"@id":"https:\/\/www.vagasbr.com.br\/#organization"},"potentialAction":[{"@type":"SearchAction","target":{"@type":"EntryPoint","urlTemplate":"https:\/\/www.vagasbr.com.br\/?s={search_term_string}"},"query-input":{"@type":"PropertyValueSpecification","valueRequired":true,"valueName":"search_term_string"}}],"inLanguage":"pt-BR"},{"@type":"Organization","@id":"https:\/\/www.vagasbr.com.br\/#organization","name":"VagasBR","url":"https:\/\/www.vagasbr.com.br\/","logo":{"@type":"ImageObject","inLanguage":"pt-BR","@id":"https:\/\/www.vagasbr.com.br\/#\/schema\/logo\/image\/","url":"https:\/\/www.vagasbr.com.br\/wp-content\/uploads\/2025\/05\/vbr-logo-1-1.jpg","contentUrl":"https:\/\/www.vagasbr.com.br\/wp-content\/uploads\/2025\/05\/vbr-logo-1-1.jpg","width":229,"height":65,"caption":"VagasBR"},"image":{"@id":"https:\/\/www.vagasbr.com.br\/#\/schema\/logo\/image\/"}}]}},"_links":{"self":[{"href":"https:\/\/www.vagasbr.com.br\/index.php\/wp-json\/wp\/v2\/pages\/83","targetHints":{"allow":["GET"]}}],"collection":[{"href":"https:\/\/www.vagasbr.com.br\/index.php\/wp-json\/wp\/v2\/pages"}],"about":[{"href":"https:\/\/www.vagasbr.com.br\/index.php\/wp-json\/wp\/v2\/types\/page"}],"author":[{"embeddable":true,"href":"https:\/\/www.vagasbr.com.br\/index.php\/wp-json\/wp\/v2\/users\/1"}],"replies":[{"embeddable":true,"href":"https:\/\/www.vagasbr.com.br\/index.php\/wp-json\/wp\/v2\/comments?post=83"}],"version-history":[{"count":1,"href":"https:\/\/www.vagasbr.com.br\/index.php\/wp-json\/wp\/v2\/pages\/83\/revisions"}],"predecessor-version":[{"id":84,"href":"https:\/\/www.vagasbr.com.br\/index.php\/wp-json\/wp\/v2\/pages\/83\/revisions\/84"}],"wp:attachment":[{"href":"https:\/\/www.vagasbr.com.br\/index.php\/wp-json\/wp\/v2\/media?parent=83"}],"curies":[{"name":"wp","href":"https:\/\/api.w.org\/{rel}","templated":true}]}}