{"id":71,"date":"2025-05-26T15:32:56","date_gmt":"2025-05-26T18:32:56","guid":{"rendered":"https:\/\/vagasbr.com.br\/?page_id=71"},"modified":"2025-06-26T22:49:25","modified_gmt":"2025-06-27T01:49:25","slug":"fale-conosco","status":"publish","type":"page","link":"https:\/\/www.vagasbr.com.br\/index.php\/fale-conosco\/","title":{"rendered":"Fale Conosco"},"content":{"rendered":"<p style=\"text-align: justify;\">Tem alguma d\u00favida, uma cr\u00edtica, precisa de ajuda com a nossa plataforma? Envie sua mensagem para n\u00f3s usando o formul\u00e1rio abaixo, nos esfor\u00e7aremos para responder em no m\u00e1ximo 24 horas \u00fateis.<\/p>\n\n<div class=\"wpcf7 no-js\" id=\"wpcf7-f120-o1\" lang=\"pt-BR\" dir=\"ltr\" data-wpcf7-id=\"120\">\n<div class=\"screen-reader-response\"><p role=\"status\" aria-live=\"polite\" aria-atomic=\"true\"><\/p> <ul><\/ul><\/div>\n<form action=\"\/index.php\/wp-json\/wp\/v2\/pages\/71#wpcf7-f120-o1\" method=\"post\" class=\"wpcf7-form init\" aria-label=\"Formul\u00e1rios de contato\" novalidate=\"novalidate\" data-status=\"init\">\n<fieldset class=\"hidden-fields-container\"><input type=\"hidden\" name=\"_wpcf7\" value=\"120\" \/><input type=\"hidden\" name=\"_wpcf7_version\" value=\"6.1.5\" \/><input type=\"hidden\" name=\"_wpcf7_locale\" value=\"pt_BR\" \/><input type=\"hidden\" name=\"_wpcf7_unit_tag\" value=\"wpcf7-f120-o1\" \/><input type=\"hidden\" name=\"_wpcf7_container_post\" value=\"0\" \/><input type=\"hidden\" name=\"_wpcf7_posted_data_hash\" value=\"\" \/>\n<\/fieldset>\n<p><label> Seu nome<br \/>\n<span class=\"wpcf7-form-control-wrap\" data-name=\"your-name\"><input size=\"40\" maxlength=\"400\" class=\"wpcf7-form-control wpcf7-text wpcf7-validates-as-required\" autocomplete=\"name\" aria-required=\"true\" aria-invalid=\"false\" value=\"\" type=\"text\" name=\"your-name\" \/><\/span> <\/label>\n<\/p>\n<p><label> Seu e-mail<br \/>\n<span class=\"wpcf7-form-control-wrap\" data-name=\"your-email\"><input size=\"40\" maxlength=\"400\" class=\"wpcf7-form-control wpcf7-email wpcf7-validates-as-required wpcf7-text wpcf7-validates-as-email\" autocomplete=\"email\" aria-required=\"true\" aria-invalid=\"false\" value=\"\" type=\"email\" name=\"your-email\" \/><\/span> <\/label>\n<\/p>\n<p><label> Assunto<br \/>\n<span class=\"wpcf7-form-control-wrap\" data-name=\"your-subject\"><input size=\"40\" maxlength=\"400\" class=\"wpcf7-form-control wpcf7-text wpcf7-validates-as-required\" aria-required=\"true\" aria-invalid=\"false\" value=\"\" type=\"text\" name=\"your-subject\" \/><\/span> <\/label>\n<\/p>\n<p><label> Sua mensagem (opcional)<br \/>\n<span class=\"wpcf7-form-control-wrap\" data-name=\"your-message\"><textarea cols=\"40\" rows=\"10\" maxlength=\"2000\" class=\"wpcf7-form-control wpcf7-textarea\" aria-invalid=\"false\" name=\"your-message\"><\/textarea><\/span> <\/label>\n<\/p>\n<p><input class=\"wpcf7-form-control wpcf7-submit has-spinner\" type=\"submit\" value=\"Enviar\" \/>\n<\/p><div class=\"wpcf7-response-output\" aria-hidden=\"true\"><\/div>\n<\/form>\n<\/div>\n\n","protected":false},"excerpt":{"rendered":"<p>Tem alguma d\u00favida, uma cr\u00edtica, precisa de ajuda com a nossa plataforma? Envie sua mensagem para n\u00f3s usando o formul\u00e1rio abaixo, nos esfor\u00e7aremos para responder em no m\u00e1ximo 24 horas \u00fateis.<\/p>\n","protected":false},"author":1,"featured_media":0,"parent":0,"menu_order":0,"comment_status":"closed","ping_status":"closed","template":"","meta":{"footnotes":""},"class_list":["post-71","page","type-page","status-publish","hentry"],"yoast_head":"<!-- This site is optimized with the Yoast SEO plugin v27.5 - https:\/\/yoast.com\/product\/yoast-seo-wordpress\/ -->\n<title>Fale Conosco - VagasBR<\/title>\n<meta name=\"robots\" content=\"index, follow, max-snippet:-1, max-image-preview:large, max-video-preview:-1\" \/>\n<link rel=\"canonical\" href=\"https:\/\/www.vagasbr.com.br\/index.php\/fale-conosco\/\" \/>\n<meta property=\"og:locale\" content=\"pt_BR\" \/>\n<meta property=\"og:type\" content=\"article\" \/>\n<meta property=\"og:title\" content=\"Fale Conosco - VagasBR\" \/>\n<meta property=\"og:description\" content=\"Tem alguma d\u00favida, uma cr\u00edtica, precisa de ajuda com a nossa plataforma? Envie sua mensagem para n\u00f3s usando o formul\u00e1rio abaixo, nos esfor\u00e7aremos para responder em no m\u00e1ximo 24 horas \u00fateis.\" \/>\n<meta property=\"og:url\" content=\"https:\/\/www.vagasbr.com.br\/index.php\/fale-conosco\/\" \/>\n<meta property=\"og:site_name\" content=\"VagasBR\" \/>\n<meta property=\"article:modified_time\" content=\"2025-06-27T01:49:25+00:00\" \/>\n<meta name=\"twitter:card\" content=\"summary_large_image\" \/>\n<meta name=\"twitter:label1\" content=\"Est. tempo de leitura\" \/>\n\t<meta name=\"twitter:data1\" content=\"1 minuto\" \/>\n<script type=\"application\/ld+json\" class=\"yoast-schema-graph\">{\"@context\":\"https:\\\/\\\/schema.org\",\"@graph\":[{\"@type\":\"WebPage\",\"@id\":\"https:\\\/\\\/www.vagasbr.com.br\\\/index.php\\\/fale-conosco\\\/\",\"url\":\"https:\\\/\\\/www.vagasbr.com.br\\\/index.php\\\/fale-conosco\\\/\",\"name\":\"Fale Conosco - VagasBR\",\"isPartOf\":{\"@id\":\"https:\\\/\\\/www.vagasbr.com.br\\\/#website\"},\"datePublished\":\"2025-05-26T18:32:56+00:00\",\"dateModified\":\"2025-06-27T01:49:25+00:00\",\"breadcrumb\":{\"@id\":\"https:\\\/\\\/www.vagasbr.com.br\\\/index.php\\\/fale-conosco\\\/#breadcrumb\"},\"inLanguage\":\"pt-BR\",\"potentialAction\":[{\"@type\":\"ReadAction\",\"target\":[\"https:\\\/\\\/www.vagasbr.com.br\\\/index.php\\\/fale-conosco\\\/\"]}]},{\"@type\":\"BreadcrumbList\",\"@id\":\"https:\\\/\\\/www.vagasbr.com.br\\\/index.php\\\/fale-conosco\\\/#breadcrumb\",\"itemListElement\":[{\"@type\":\"ListItem\",\"position\":1,\"name\":\"Home\",\"item\":\"https:\\\/\\\/www.vagasbr.com.br\\\/\"},{\"@type\":\"ListItem\",\"position\":2,\"name\":\"Fale Conosco\"}]},{\"@type\":\"WebSite\",\"@id\":\"https:\\\/\\\/www.vagasbr.com.br\\\/#website\",\"url\":\"https:\\\/\\\/www.vagasbr.com.br\\\/\",\"name\":\"VagasBR\",\"description\":\"Divulga\u00e7\u00e3o Gr\u00e1tis de Vagas de Emprego\",\"publisher\":{\"@id\":\"https:\\\/\\\/www.vagasbr.com.br\\\/#organization\"},\"potentialAction\":[{\"@type\":\"SearchAction\",\"target\":{\"@type\":\"EntryPoint\",\"urlTemplate\":\"https:\\\/\\\/www.vagasbr.com.br\\\/?s={search_term_string}\"},\"query-input\":{\"@type\":\"PropertyValueSpecification\",\"valueRequired\":true,\"valueName\":\"search_term_string\"}}],\"inLanguage\":\"pt-BR\"},{\"@type\":\"Organization\",\"@id\":\"https:\\\/\\\/www.vagasbr.com.br\\\/#organization\",\"name\":\"VagasBR\",\"url\":\"https:\\\/\\\/www.vagasbr.com.br\\\/\",\"logo\":{\"@type\":\"ImageObject\",\"inLanguage\":\"pt-BR\",\"@id\":\"https:\\\/\\\/www.vagasbr.com.br\\\/#\\\/schema\\\/logo\\\/image\\\/\",\"url\":\"https:\\\/\\\/www.vagasbr.com.br\\\/wp-content\\\/uploads\\\/2025\\\/05\\\/vbr-logo-1-1.jpg\",\"contentUrl\":\"https:\\\/\\\/www.vagasbr.com.br\\\/wp-content\\\/uploads\\\/2025\\\/05\\\/vbr-logo-1-1.jpg\",\"width\":229,\"height\":65,\"caption\":\"VagasBR\"},\"image\":{\"@id\":\"https:\\\/\\\/www.vagasbr.com.br\\\/#\\\/schema\\\/logo\\\/image\\\/\"}}]}<\/script>\n<!-- \/ Yoast SEO plugin. -->","yoast_head_json":{"title":"Fale Conosco - VagasBR","robots":{"index":"index","follow":"follow","max-snippet":"max-snippet:-1","max-image-preview":"max-image-preview:large","max-video-preview":"max-video-preview:-1"},"canonical":"https:\/\/www.vagasbr.com.br\/index.php\/fale-conosco\/","og_locale":"pt_BR","og_type":"article","og_title":"Fale Conosco - VagasBR","og_description":"Tem alguma d\u00favida, uma cr\u00edtica, precisa de ajuda com a nossa plataforma? Envie sua mensagem para n\u00f3s usando o formul\u00e1rio abaixo, nos esfor\u00e7aremos para responder em no m\u00e1ximo 24 horas \u00fateis.","og_url":"https:\/\/www.vagasbr.com.br\/index.php\/fale-conosco\/","og_site_name":"VagasBR","article_modified_time":"2025-06-27T01:49:25+00:00","twitter_card":"summary_large_image","twitter_misc":{"Est. tempo de leitura":"1 minuto"},"schema":{"@context":"https:\/\/schema.org","@graph":[{"@type":"WebPage","@id":"https:\/\/www.vagasbr.com.br\/index.php\/fale-conosco\/","url":"https:\/\/www.vagasbr.com.br\/index.php\/fale-conosco\/","name":"Fale Conosco - VagasBR","isPartOf":{"@id":"https:\/\/www.vagasbr.com.br\/#website"},"datePublished":"2025-05-26T18:32:56+00:00","dateModified":"2025-06-27T01:49:25+00:00","breadcrumb":{"@id":"https:\/\/www.vagasbr.com.br\/index.php\/fale-conosco\/#breadcrumb"},"inLanguage":"pt-BR","potentialAction":[{"@type":"ReadAction","target":["https:\/\/www.vagasbr.com.br\/index.php\/fale-conosco\/"]}]},{"@type":"BreadcrumbList","@id":"https:\/\/www.vagasbr.com.br\/index.php\/fale-conosco\/#breadcrumb","itemListElement":[{"@type":"ListItem","position":1,"name":"Home","item":"https:\/\/www.vagasbr.com.br\/"},{"@type":"ListItem","position":2,"name":"Fale Conosco"}]},{"@type":"WebSite","@id":"https:\/\/www.vagasbr.com.br\/#website","url":"https:\/\/www.vagasbr.com.br\/","name":"VagasBR","description":"Divulga\u00e7\u00e3o Gr\u00e1tis de Vagas de Emprego","publisher":{"@id":"https:\/\/www.vagasbr.com.br\/#organization"},"potentialAction":[{"@type":"SearchAction","target":{"@type":"EntryPoint","urlTemplate":"https:\/\/www.vagasbr.com.br\/?s={search_term_string}"},"query-input":{"@type":"PropertyValueSpecification","valueRequired":true,"valueName":"search_term_string"}}],"inLanguage":"pt-BR"},{"@type":"Organization","@id":"https:\/\/www.vagasbr.com.br\/#organization","name":"VagasBR","url":"https:\/\/www.vagasbr.com.br\/","logo":{"@type":"ImageObject","inLanguage":"pt-BR","@id":"https:\/\/www.vagasbr.com.br\/#\/schema\/logo\/image\/","url":"https:\/\/www.vagasbr.com.br\/wp-content\/uploads\/2025\/05\/vbr-logo-1-1.jpg","contentUrl":"https:\/\/www.vagasbr.com.br\/wp-content\/uploads\/2025\/05\/vbr-logo-1-1.jpg","width":229,"height":65,"caption":"VagasBR"},"image":{"@id":"https:\/\/www.vagasbr.com.br\/#\/schema\/logo\/image\/"}}]}},"_links":{"self":[{"href":"https:\/\/www.vagasbr.com.br\/index.php\/wp-json\/wp\/v2\/pages\/71","targetHints":{"allow":["GET"]}}],"collection":[{"href":"https:\/\/www.vagasbr.com.br\/index.php\/wp-json\/wp\/v2\/pages"}],"about":[{"href":"https:\/\/www.vagasbr.com.br\/index.php\/wp-json\/wp\/v2\/types\/page"}],"author":[{"embeddable":true,"href":"https:\/\/www.vagasbr.com.br\/index.php\/wp-json\/wp\/v2\/users\/1"}],"replies":[{"embeddable":true,"href":"https:\/\/www.vagasbr.com.br\/index.php\/wp-json\/wp\/v2\/comments?post=71"}],"version-history":[{"count":3,"href":"https:\/\/www.vagasbr.com.br\/index.php\/wp-json\/wp\/v2\/pages\/71\/revisions"}],"predecessor-version":[{"id":121,"href":"https:\/\/www.vagasbr.com.br\/index.php\/wp-json\/wp\/v2\/pages\/71\/revisions\/121"}],"wp:attachment":[{"href":"https:\/\/www.vagasbr.com.br\/index.php\/wp-json\/wp\/v2\/media?parent=71"}],"curies":[{"name":"wp","href":"https:\/\/api.w.org\/{rel}","templated":true}]}}