{"id":37,"date":"2025-05-26T14:56:12","date_gmt":"2025-05-26T17:56:12","guid":{"rendered":"https:\/\/vagasbr.com.br\/?page_id=37"},"modified":"2025-05-26T14:59:29","modified_gmt":"2025-05-26T17:59:29","slug":"sobre-o-vagasempregosc","status":"publish","type":"page","link":"https:\/\/www.vagasbr.com.br\/index.php\/sobre-o-vagasempregosc\/","title":{"rendered":"Sobre o VagasEmpregoSC"},"content":{"rendered":"<p><img loading=\"lazy\" decoding=\"async\" class=\"alignnone size-full wp-image-38\" src=\"http:\/\/vagasbr.com.br\/wp-content\/uploads\/2025\/05\/vagas-emprego-sc-1.jpg\" alt=\"VagasEmpregoSC\" width=\"323\" height=\"90\" srcset=\"https:\/\/www.vagasbr.com.br\/wp-content\/uploads\/2025\/05\/vagas-emprego-sc-1.jpg 323w, https:\/\/www.vagasbr.com.br\/wp-content\/uploads\/2025\/05\/vagas-emprego-sc-1-300x84.jpg 300w\" sizes=\"auto, (max-width: 323px) 100vw, 323px\" \/><\/p>\n<p style=\"text-align: justify;\">Se sua empresa tem vagas abertas em SC e deseja divulg\u00e1-las gratuitamente o site para voc\u00ea \u00e9 o VagasEmpregoSC. Lan\u00e7ado em 2015, \u00e9 um dos maiores sites gratuitos no segmento de empregabilidade voltado para o mercado de Santa Catarina. Extremamente popular entre os recrutadores e entre os candidatos o site replica suas publica\u00e7\u00f5es em diversas m\u00eddias sociais, o que aumenta o alcance das suas publica\u00e7\u00f5es de vagas.<\/p>\n<p style=\"text-align: justify;\">Desde 2016 al\u00e9m da publica\u00e7\u00e3o b\u00e1sica gratuita oferece tamb\u00e9m a aos recrutadores a op\u00e7\u00e3o de publicar suas vagas com destaque diferenciado por uma taxa simb\u00f3lica. A publica\u00e7\u00e3o b\u00e1sica normal de vagas continua gratuita e ser\u00e1 gratuita enquanto o site existir.<\/p>\n<p style=\"text-align: justify;\">Visite agora mesmo e divulgue suas vagas:<\/p>\n<p style=\"text-align: justify;\"><a href=\"https:\/\/www.vagasempregosc.com.br\">https:\/\/www.vagasempregosc.com.br<\/a><\/p>\n","protected":false},"excerpt":{"rendered":"<p>Se sua empresa tem vagas abertas em SC e deseja divulg\u00e1-las gratuitamente o site para voc\u00ea \u00e9 o VagasEmpregoSC. Lan\u00e7ado em 2015, \u00e9 um dos maiores sites gratuitos no segmento de empregabilidade voltado para o mercado de Santa Catarina. Extremamente popular entre os recrutadores e entre os candidatos o site replica suas publica\u00e7\u00f5es em diversas [&hellip;]<\/p>\n","protected":false},"author":1,"featured_media":0,"parent":0,"menu_order":0,"comment_status":"closed","ping_status":"closed","template":"","meta":{"footnotes":""},"class_list":["post-37","page","type-page","status-publish","hentry"],"yoast_head":"<!-- This site is optimized with the Yoast SEO plugin v27.3 - https:\/\/yoast.com\/product\/yoast-seo-wordpress\/ -->\n<title>Sobre o VagasEmpregoSC - VagasBR<\/title>\n<meta name=\"robots\" content=\"index, follow, max-snippet:-1, max-image-preview:large, max-video-preview:-1\" \/>\n<link rel=\"canonical\" href=\"https:\/\/www.vagasbr.com.br\/index.php\/sobre-o-vagasempregosc\/\" \/>\n<meta property=\"og:locale\" content=\"pt_BR\" \/>\n<meta property=\"og:type\" content=\"article\" \/>\n<meta property=\"og:title\" content=\"Sobre o VagasEmpregoSC - VagasBR\" \/>\n<meta property=\"og:description\" content=\"Se sua empresa tem vagas abertas em SC e deseja divulg\u00e1-las gratuitamente o site para voc\u00ea \u00e9 o VagasEmpregoSC. Lan\u00e7ado em 2015, \u00e9 um dos maiores sites gratuitos no segmento de empregabilidade voltado para o mercado de Santa Catarina. Extremamente popular entre os recrutadores e entre os candidatos o site replica suas publica\u00e7\u00f5es em diversas [&hellip;]\" \/>\n<meta property=\"og:url\" content=\"https:\/\/www.vagasbr.com.br\/index.php\/sobre-o-vagasempregosc\/\" \/>\n<meta property=\"og:site_name\" content=\"VagasBR\" \/>\n<meta property=\"article:modified_time\" content=\"2025-05-26T17:59:29+00:00\" \/>\n<meta property=\"og:image\" content=\"http:\/\/vagasbr.com.br\/wp-content\/uploads\/2025\/05\/vagas-emprego-sc-1.jpg\" \/>\n<meta name=\"twitter:card\" content=\"summary_large_image\" \/>\n<meta name=\"twitter:label1\" content=\"Est. tempo de leitura\" \/>\n\t<meta name=\"twitter:data1\" content=\"1 minuto\" \/>\n<script type=\"application\/ld+json\" class=\"yoast-schema-graph\">{\"@context\":\"https:\\\/\\\/schema.org\",\"@graph\":[{\"@type\":\"WebPage\",\"@id\":\"https:\\\/\\\/www.vagasbr.com.br\\\/index.php\\\/sobre-o-vagasempregosc\\\/\",\"url\":\"https:\\\/\\\/www.vagasbr.com.br\\\/index.php\\\/sobre-o-vagasempregosc\\\/\",\"name\":\"Sobre o VagasEmpregoSC - VagasBR\",\"isPartOf\":{\"@id\":\"https:\\\/\\\/www.vagasbr.com.br\\\/#website\"},\"primaryImageOfPage\":{\"@id\":\"https:\\\/\\\/www.vagasbr.com.br\\\/index.php\\\/sobre-o-vagasempregosc\\\/#primaryimage\"},\"image\":{\"@id\":\"https:\\\/\\\/www.vagasbr.com.br\\\/index.php\\\/sobre-o-vagasempregosc\\\/#primaryimage\"},\"thumbnailUrl\":\"http:\\\/\\\/vagasbr.com.br\\\/wp-content\\\/uploads\\\/2025\\\/05\\\/vagas-emprego-sc-1.jpg\",\"datePublished\":\"2025-05-26T17:56:12+00:00\",\"dateModified\":\"2025-05-26T17:59:29+00:00\",\"breadcrumb\":{\"@id\":\"https:\\\/\\\/www.vagasbr.com.br\\\/index.php\\\/sobre-o-vagasempregosc\\\/#breadcrumb\"},\"inLanguage\":\"pt-BR\",\"potentialAction\":[{\"@type\":\"ReadAction\",\"target\":[\"https:\\\/\\\/www.vagasbr.com.br\\\/index.php\\\/sobre-o-vagasempregosc\\\/\"]}]},{\"@type\":\"ImageObject\",\"inLanguage\":\"pt-BR\",\"@id\":\"https:\\\/\\\/www.vagasbr.com.br\\\/index.php\\\/sobre-o-vagasempregosc\\\/#primaryimage\",\"url\":\"http:\\\/\\\/vagasbr.com.br\\\/wp-content\\\/uploads\\\/2025\\\/05\\\/vagas-emprego-sc-1.jpg\",\"contentUrl\":\"http:\\\/\\\/vagasbr.com.br\\\/wp-content\\\/uploads\\\/2025\\\/05\\\/vagas-emprego-sc-1.jpg\"},{\"@type\":\"BreadcrumbList\",\"@id\":\"https:\\\/\\\/www.vagasbr.com.br\\\/index.php\\\/sobre-o-vagasempregosc\\\/#breadcrumb\",\"itemListElement\":[{\"@type\":\"ListItem\",\"position\":1,\"name\":\"Home\",\"item\":\"https:\\\/\\\/www.vagasbr.com.br\\\/\"},{\"@type\":\"ListItem\",\"position\":2,\"name\":\"Sobre o VagasEmpregoSC\"}]},{\"@type\":\"WebSite\",\"@id\":\"https:\\\/\\\/www.vagasbr.com.br\\\/#website\",\"url\":\"https:\\\/\\\/www.vagasbr.com.br\\\/\",\"name\":\"VagasBR\",\"description\":\"Divulga\u00e7\u00e3o Gr\u00e1tis de Vagas de Emprego\",\"publisher\":{\"@id\":\"https:\\\/\\\/www.vagasbr.com.br\\\/#organization\"},\"potentialAction\":[{\"@type\":\"SearchAction\",\"target\":{\"@type\":\"EntryPoint\",\"urlTemplate\":\"https:\\\/\\\/www.vagasbr.com.br\\\/?s={search_term_string}\"},\"query-input\":{\"@type\":\"PropertyValueSpecification\",\"valueRequired\":true,\"valueName\":\"search_term_string\"}}],\"inLanguage\":\"pt-BR\"},{\"@type\":\"Organization\",\"@id\":\"https:\\\/\\\/www.vagasbr.com.br\\\/#organization\",\"name\":\"VagasBR\",\"url\":\"https:\\\/\\\/www.vagasbr.com.br\\\/\",\"logo\":{\"@type\":\"ImageObject\",\"inLanguage\":\"pt-BR\",\"@id\":\"https:\\\/\\\/www.vagasbr.com.br\\\/#\\\/schema\\\/logo\\\/image\\\/\",\"url\":\"https:\\\/\\\/www.vagasbr.com.br\\\/wp-content\\\/uploads\\\/2025\\\/05\\\/vbr-logo-1-1.jpg\",\"contentUrl\":\"https:\\\/\\\/www.vagasbr.com.br\\\/wp-content\\\/uploads\\\/2025\\\/05\\\/vbr-logo-1-1.jpg\",\"width\":229,\"height\":65,\"caption\":\"VagasBR\"},\"image\":{\"@id\":\"https:\\\/\\\/www.vagasbr.com.br\\\/#\\\/schema\\\/logo\\\/image\\\/\"}}]}<\/script>\n<!-- \/ Yoast SEO plugin. -->","yoast_head_json":{"title":"Sobre o VagasEmpregoSC - VagasBR","robots":{"index":"index","follow":"follow","max-snippet":"max-snippet:-1","max-image-preview":"max-image-preview:large","max-video-preview":"max-video-preview:-1"},"canonical":"https:\/\/www.vagasbr.com.br\/index.php\/sobre-o-vagasempregosc\/","og_locale":"pt_BR","og_type":"article","og_title":"Sobre o VagasEmpregoSC - VagasBR","og_description":"Se sua empresa tem vagas abertas em SC e deseja divulg\u00e1-las gratuitamente o site para voc\u00ea \u00e9 o VagasEmpregoSC. Lan\u00e7ado em 2015, \u00e9 um dos maiores sites gratuitos no segmento de empregabilidade voltado para o mercado de Santa Catarina. Extremamente popular entre os recrutadores e entre os candidatos o site replica suas publica\u00e7\u00f5es em diversas [&hellip;]","og_url":"https:\/\/www.vagasbr.com.br\/index.php\/sobre-o-vagasempregosc\/","og_site_name":"VagasBR","article_modified_time":"2025-05-26T17:59:29+00:00","og_image":[{"url":"http:\/\/vagasbr.com.br\/wp-content\/uploads\/2025\/05\/vagas-emprego-sc-1.jpg","type":"","width":"","height":""}],"twitter_card":"summary_large_image","twitter_misc":{"Est. tempo de leitura":"1 minuto"},"schema":{"@context":"https:\/\/schema.org","@graph":[{"@type":"WebPage","@id":"https:\/\/www.vagasbr.com.br\/index.php\/sobre-o-vagasempregosc\/","url":"https:\/\/www.vagasbr.com.br\/index.php\/sobre-o-vagasempregosc\/","name":"Sobre o VagasEmpregoSC - VagasBR","isPartOf":{"@id":"https:\/\/www.vagasbr.com.br\/#website"},"primaryImageOfPage":{"@id":"https:\/\/www.vagasbr.com.br\/index.php\/sobre-o-vagasempregosc\/#primaryimage"},"image":{"@id":"https:\/\/www.vagasbr.com.br\/index.php\/sobre-o-vagasempregosc\/#primaryimage"},"thumbnailUrl":"http:\/\/vagasbr.com.br\/wp-content\/uploads\/2025\/05\/vagas-emprego-sc-1.jpg","datePublished":"2025-05-26T17:56:12+00:00","dateModified":"2025-05-26T17:59:29+00:00","breadcrumb":{"@id":"https:\/\/www.vagasbr.com.br\/index.php\/sobre-o-vagasempregosc\/#breadcrumb"},"inLanguage":"pt-BR","potentialAction":[{"@type":"ReadAction","target":["https:\/\/www.vagasbr.com.br\/index.php\/sobre-o-vagasempregosc\/"]}]},{"@type":"ImageObject","inLanguage":"pt-BR","@id":"https:\/\/www.vagasbr.com.br\/index.php\/sobre-o-vagasempregosc\/#primaryimage","url":"http:\/\/vagasbr.com.br\/wp-content\/uploads\/2025\/05\/vagas-emprego-sc-1.jpg","contentUrl":"http:\/\/vagasbr.com.br\/wp-content\/uploads\/2025\/05\/vagas-emprego-sc-1.jpg"},{"@type":"BreadcrumbList","@id":"https:\/\/www.vagasbr.com.br\/index.php\/sobre-o-vagasempregosc\/#breadcrumb","itemListElement":[{"@type":"ListItem","position":1,"name":"Home","item":"https:\/\/www.vagasbr.com.br\/"},{"@type":"ListItem","position":2,"name":"Sobre o VagasEmpregoSC"}]},{"@type":"WebSite","@id":"https:\/\/www.vagasbr.com.br\/#website","url":"https:\/\/www.vagasbr.com.br\/","name":"VagasBR","description":"Divulga\u00e7\u00e3o Gr\u00e1tis de Vagas de Emprego","publisher":{"@id":"https:\/\/www.vagasbr.com.br\/#organization"},"potentialAction":[{"@type":"SearchAction","target":{"@type":"EntryPoint","urlTemplate":"https:\/\/www.vagasbr.com.br\/?s={search_term_string}"},"query-input":{"@type":"PropertyValueSpecification","valueRequired":true,"valueName":"search_term_string"}}],"inLanguage":"pt-BR"},{"@type":"Organization","@id":"https:\/\/www.vagasbr.com.br\/#organization","name":"VagasBR","url":"https:\/\/www.vagasbr.com.br\/","logo":{"@type":"ImageObject","inLanguage":"pt-BR","@id":"https:\/\/www.vagasbr.com.br\/#\/schema\/logo\/image\/","url":"https:\/\/www.vagasbr.com.br\/wp-content\/uploads\/2025\/05\/vbr-logo-1-1.jpg","contentUrl":"https:\/\/www.vagasbr.com.br\/wp-content\/uploads\/2025\/05\/vbr-logo-1-1.jpg","width":229,"height":65,"caption":"VagasBR"},"image":{"@id":"https:\/\/www.vagasbr.com.br\/#\/schema\/logo\/image\/"}}]}},"_links":{"self":[{"href":"https:\/\/www.vagasbr.com.br\/index.php\/wp-json\/wp\/v2\/pages\/37","targetHints":{"allow":["GET"]}}],"collection":[{"href":"https:\/\/www.vagasbr.com.br\/index.php\/wp-json\/wp\/v2\/pages"}],"about":[{"href":"https:\/\/www.vagasbr.com.br\/index.php\/wp-json\/wp\/v2\/types\/page"}],"author":[{"embeddable":true,"href":"https:\/\/www.vagasbr.com.br\/index.php\/wp-json\/wp\/v2\/users\/1"}],"replies":[{"embeddable":true,"href":"https:\/\/www.vagasbr.com.br\/index.php\/wp-json\/wp\/v2\/comments?post=37"}],"version-history":[{"count":4,"href":"https:\/\/www.vagasbr.com.br\/index.php\/wp-json\/wp\/v2\/pages\/37\/revisions"}],"predecessor-version":[{"id":42,"href":"https:\/\/www.vagasbr.com.br\/index.php\/wp-json\/wp\/v2\/pages\/37\/revisions\/42"}],"wp:attachment":[{"href":"https:\/\/www.vagasbr.com.br\/index.php\/wp-json\/wp\/v2\/media?parent=37"}],"curies":[{"name":"wp","href":"https:\/\/api.w.org\/{rel}","templated":true}]}}