{"id":125,"date":"2025-06-26T23:19:02","date_gmt":"2025-06-27T02:19:02","guid":{"rendered":"https:\/\/www.vagasbr.com.br\/?page_id=125"},"modified":"2025-06-26T23:20:10","modified_gmt":"2025-06-27T02:20:10","slug":"publicar-vaga-com-destaque-no-vagaspoa","status":"publish","type":"page","link":"https:\/\/www.vagasbr.com.br\/index.php\/publicar-vaga-com-destaque-no-vagaspoa\/","title":{"rendered":"Publicar Vaga com Destaque no VagasPOA"},"content":{"rendered":"<p style=\"text-align: justify;\">A publica\u00e7\u00e3o de vagas em destaque \u00e9 um servi\u00e7o opcional <strong>pago<\/strong> para quem deseja dar mais destaque ao seu an\u00fancio de vaga. Com o destaque sua vaga aparecer\u00e1 no topo de todas as p\u00e1ginas de vagas do site durante 3 dias \u00fateis, em uma caixa de texto com cor de fundo diferenciado.<\/p>\n<p style=\"text-align: justify;\">S\u00e1bados, domingos e feriados nacionais n\u00e3o s\u00e3o contabilizados na contagem do prazo de destaque, se dentro do per\u00edodo de destaque de sua vaga ocorrer um final de semana ou feriado nacional ela continuar\u00e1 em destaque durante esses dias sem custo adicional. O primeiro dia de publica\u00e7\u00e3o tamb\u00e9m n\u00e3o ser\u00e1 contabilizado. Finalizado o per\u00edodo de destaque a vaga permanecer\u00e1 no site (sem destaque) at\u00e9 que seja solicitada sua remo\u00e7\u00e3o.<\/p>\n<p style=\"text-align: justify;\">O valor da taxa de destaque atualmente \u00e9 de R$ 25,00. O pagamento deve ser feito via PIX em nome do editor do site.<\/p>\n<p style=\"text-align: justify;\">Para destacar uma vaga voc\u00ea deve informar os dados da mesma usando o formul\u00e1rio abaixo. Se a vaga estiver de acordo com as regras do site n\u00f3s lhe enviamos um e-mail com as instru\u00e7\u00f5es de pagamento em menos de 24 horas. Caso n\u00e3o receba o e-mail n\u00e3o deixe de verificar sua caixa de spam.<\/p>\n\n<div class=\"wpcf7 no-js\" id=\"wpcf7-f124-o1\" lang=\"pt-BR\" dir=\"ltr\" data-wpcf7-id=\"124\">\n<div class=\"screen-reader-response\"><p role=\"status\" aria-live=\"polite\" aria-atomic=\"true\"><\/p> <ul><\/ul><\/div>\n<form action=\"\/index.php\/wp-json\/wp\/v2\/pages\/125#wpcf7-f124-o1\" method=\"post\" class=\"wpcf7-form init\" aria-label=\"Formul\u00e1rios de contato\" novalidate=\"novalidate\" data-status=\"init\">\n<fieldset class=\"hidden-fields-container\"><input type=\"hidden\" name=\"_wpcf7\" value=\"124\" \/><input type=\"hidden\" name=\"_wpcf7_version\" value=\"6.1.5\" \/><input type=\"hidden\" name=\"_wpcf7_locale\" value=\"pt_BR\" \/><input type=\"hidden\" name=\"_wpcf7_unit_tag\" value=\"wpcf7-f124-o1\" \/><input type=\"hidden\" name=\"_wpcf7_container_post\" value=\"0\" \/><input type=\"hidden\" name=\"_wpcf7_posted_data_hash\" value=\"\" \/>\n<\/fieldset>\n<p>T\u00edtulo do an\u00fancio (campo obrigat\u00f3rio - sugerimos que use o cargo)\n<\/p>\n<p><span class=\"wpcf7-form-control-wrap\" data-name=\"titulo_anuncio\"><input size=\"40\" maxlength=\"400\" class=\"wpcf7-form-control wpcf7-text wpcf7-validates-as-required\" aria-required=\"true\" aria-invalid=\"false\" value=\"\" type=\"text\" name=\"titulo_anuncio\" \/><\/span>\n<\/p>\n<p>Cidade da vaga (esse campo \u00e9 obrigat\u00f3rio)\n<\/p>\n<p><span class=\"wpcf7-form-control-wrap\" data-name=\"cidade\"><input size=\"40\" maxlength=\"400\" class=\"wpcf7-form-control wpcf7-text wpcf7-validates-as-required cidade\" id=\"cidade\" aria-required=\"true\" aria-invalid=\"false\" value=\"\" type=\"text\" name=\"cidade\" \/><\/span> - RS\n<\/p>\n<p>Principais atribui\u00e7\u00f5es do cargo (esse campo \u00e9 opcional)\n<\/p>\n<p><span class=\"wpcf7-form-control-wrap\" data-name=\"atribuicoes\"><textarea cols=\"40\" rows=\"10\" maxlength=\"2000\" class=\"wpcf7-form-control wpcf7-textarea atribuicoes\" id=\"atribuicoes\" aria-invalid=\"false\" name=\"atribuicoes\"><\/textarea><\/span>\n<\/p>\n<p>Requisitos para o candidato (esse campo \u00e9 opcional)\n<\/p>\n<p><span class=\"wpcf7-form-control-wrap\" data-name=\"requisitos\"><textarea cols=\"40\" rows=\"10\" maxlength=\"2000\" class=\"wpcf7-form-control wpcf7-textarea requisitos\" id=\"requisitos\" aria-invalid=\"false\" name=\"requisitos\"><\/textarea><\/span>\n<\/p>\n<p>Jornada de trabalho (esse campo \u00e9 opcional)\n<\/p>\n<p><span class=\"wpcf7-form-control-wrap\" data-name=\"jornada\"><textarea cols=\"40\" rows=\"10\" maxlength=\"2000\" class=\"wpcf7-form-control wpcf7-textarea jornada\" id=\"jornada\" aria-invalid=\"false\" name=\"jornada\"><\/textarea><\/span>\n<\/p>\n<p>Sal\u00e1rio oferecido (esse campo \u00e9 opcional)\n<\/p>\n<p><span class=\"wpcf7-form-control-wrap\" data-name=\"salario\"><input size=\"40\" maxlength=\"400\" class=\"wpcf7-form-control wpcf7-text salario\" id=\"salario\" aria-invalid=\"false\" value=\"\" type=\"text\" name=\"salario\" \/><\/span>\n<\/p>\n<p>Benef\u00edcios oferecidos (esse campo \u00e9 opcional)\n<\/p>\n<p><span class=\"wpcf7-form-control-wrap\" data-name=\"beneficios\"><textarea cols=\"40\" rows=\"10\" maxlength=\"2000\" class=\"wpcf7-form-control wpcf7-textarea beneficios\" id=\"beneficios\" aria-invalid=\"false\" name=\"beneficios\"><\/textarea><\/span>\n<\/p>\n<p>Observa\u00e7\u00f5es (esse campo \u00e9 opcional)\n<\/p>\n<p><span class=\"wpcf7-form-control-wrap\" data-name=\"observacoes\"><input size=\"40\" maxlength=\"400\" class=\"wpcf7-form-control wpcf7-text observacoes\" id=\"observacoes\" aria-invalid=\"false\" value=\"\" type=\"text\" name=\"observacoes\" \/><\/span>\n<\/p>\n<p>E-mail para envio de curr\u00edculos (esse campo \u00e9 obrigat\u00f3rio)\n<\/p>\n<p><span class=\"wpcf7-form-control-wrap\" data-name=\"email_curriculo\"><input size=\"40\" maxlength=\"400\" class=\"wpcf7-form-control wpcf7-email wpcf7-validates-as-required wpcf7-text wpcf7-validates-as-email email_curriculo\" id=\"email_curriculo\" aria-required=\"true\" aria-invalid=\"false\" value=\"\" type=\"email\" name=\"email_curriculo\" \/><\/span>\n<\/p>\n<p align=justify><strong>Os dados a seguir n\u00e3o ser\u00e3o publicados no an\u00fancio, s\u00e3o para nosso cadastro interno.<\/strong>\n<\/p>\n<p>Nome completo do recrutador (esse campo \u00e9 obrigat\u00f3rio)\n<\/p>\n<p><span class=\"wpcf7-form-control-wrap\" data-name=\"nome_recrutador\"><input size=\"40\" maxlength=\"400\" class=\"wpcf7-form-control wpcf7-text wpcf7-validates-as-required nome_recrutador\" id=\"nome_recrutador\" aria-required=\"true\" aria-invalid=\"false\" value=\"\" type=\"text\" name=\"nome_recrutador\" \/><\/span>\n<\/p>\n<p>Nome da empresa recrutadora (obrigat\u00f3rio)\n<\/p>\n<p><span class=\"wpcf7-form-control-wrap\" data-name=\"nome_empresa\"><input size=\"40\" maxlength=\"400\" class=\"wpcf7-form-control wpcf7-text nome_empresa\" id=\"nome_empresa\" aria-invalid=\"false\" value=\"\" type=\"text\" name=\"nome_empresa\" \/><\/span>\n<\/p>\n<p>CNPJ (obrigat\u00f3rio)\n<\/p>\n<p><span style=\"color:red\">ser\u00e1 checado, se n\u00e3o corresponder \u00e0 empresa o an\u00fancio n\u00e3o ser\u00e1 publicado<\/span><br \/>\n<span class=\"wpcf7-form-control-wrap\" data-name=\"cnpj_cpf\"><input size=\"40\" maxlength=\"400\" class=\"wpcf7-form-control wpcf7-text wpcf7-validates-as-required cnpj_cpf\" id=\"cnpj_cpf\" aria-required=\"true\" aria-invalid=\"false\" value=\"\" type=\"text\" name=\"cnpj_cpf\" \/><\/span>\n<\/p>\n<p>E-mail para contato (obrigat\u00f3rio)\n<\/p>\n<p><span style=\"color:red\">n\u00e3o pode ser e-mail gratuito - se for a vaga ser\u00e1 descartada<\/span><br \/>\n<span class=\"wpcf7-form-control-wrap\" data-name=\"your-email\"><input size=\"40\" maxlength=\"400\" class=\"wpcf7-form-control wpcf7-email wpcf7-validates-as-required wpcf7-text wpcf7-validates-as-email\" aria-required=\"true\" aria-invalid=\"false\" value=\"\" type=\"email\" name=\"your-email\" \/><\/span>\n<\/p>\n<p><input class=\"wpcf7-form-control wpcf7-submit has-spinner\" type=\"submit\" value=\"Enviar\" \/>\n<\/p><div class=\"wpcf7-response-output\" aria-hidden=\"true\"><\/div>\n<\/form>\n<\/div>\n\n","protected":false},"excerpt":{"rendered":"<p>A publica\u00e7\u00e3o de vagas em destaque \u00e9 um servi\u00e7o opcional pago para quem deseja dar mais destaque ao seu an\u00fancio de vaga. Com o destaque sua vaga aparecer\u00e1 no topo de todas as p\u00e1ginas de vagas do site durante 3 dias \u00fateis, em uma caixa de texto com cor de fundo diferenciado. S\u00e1bados, domingos e [&hellip;]<\/p>\n","protected":false},"author":2,"featured_media":0,"parent":0,"menu_order":0,"comment_status":"closed","ping_status":"closed","template":"","meta":{"footnotes":""},"class_list":["post-125","page","type-page","status-publish","hentry"],"yoast_head":"<!-- This site is optimized with the Yoast SEO plugin v27.4 - https:\/\/yoast.com\/product\/yoast-seo-wordpress\/ -->\n<title>Publicar Vaga com Destaque no VagasPOA - VagasBR<\/title>\n<meta name=\"robots\" content=\"index, follow, max-snippet:-1, max-image-preview:large, max-video-preview:-1\" \/>\n<link rel=\"canonical\" href=\"https:\/\/www.vagasbr.com.br\/index.php\/publicar-vaga-com-destaque-no-vagaspoa\/\" \/>\n<meta property=\"og:locale\" content=\"pt_BR\" \/>\n<meta property=\"og:type\" content=\"article\" \/>\n<meta property=\"og:title\" content=\"Publicar Vaga com Destaque no VagasPOA - VagasBR\" \/>\n<meta property=\"og:description\" content=\"A publica\u00e7\u00e3o de vagas em destaque \u00e9 um servi\u00e7o opcional pago para quem deseja dar mais destaque ao seu an\u00fancio de vaga. Com o destaque sua vaga aparecer\u00e1 no topo de todas as p\u00e1ginas de vagas do site durante 3 dias \u00fateis, em uma caixa de texto com cor de fundo diferenciado. S\u00e1bados, domingos e [&hellip;]\" \/>\n<meta property=\"og:url\" content=\"https:\/\/www.vagasbr.com.br\/index.php\/publicar-vaga-com-destaque-no-vagaspoa\/\" \/>\n<meta property=\"og:site_name\" content=\"VagasBR\" \/>\n<meta property=\"article:modified_time\" content=\"2025-06-27T02:20:10+00:00\" \/>\n<meta name=\"twitter:card\" content=\"summary_large_image\" \/>\n<meta name=\"twitter:label1\" content=\"Est. tempo de leitura\" \/>\n\t<meta name=\"twitter:data1\" content=\"2 minutos\" \/>\n<script type=\"application\/ld+json\" class=\"yoast-schema-graph\">{\"@context\":\"https:\\\/\\\/schema.org\",\"@graph\":[{\"@type\":\"WebPage\",\"@id\":\"https:\\\/\\\/www.vagasbr.com.br\\\/index.php\\\/publicar-vaga-com-destaque-no-vagaspoa\\\/\",\"url\":\"https:\\\/\\\/www.vagasbr.com.br\\\/index.php\\\/publicar-vaga-com-destaque-no-vagaspoa\\\/\",\"name\":\"Publicar Vaga com Destaque no VagasPOA - VagasBR\",\"isPartOf\":{\"@id\":\"https:\\\/\\\/www.vagasbr.com.br\\\/#website\"},\"datePublished\":\"2025-06-27T02:19:02+00:00\",\"dateModified\":\"2025-06-27T02:20:10+00:00\",\"breadcrumb\":{\"@id\":\"https:\\\/\\\/www.vagasbr.com.br\\\/index.php\\\/publicar-vaga-com-destaque-no-vagaspoa\\\/#breadcrumb\"},\"inLanguage\":\"pt-BR\",\"potentialAction\":[{\"@type\":\"ReadAction\",\"target\":[\"https:\\\/\\\/www.vagasbr.com.br\\\/index.php\\\/publicar-vaga-com-destaque-no-vagaspoa\\\/\"]}]},{\"@type\":\"BreadcrumbList\",\"@id\":\"https:\\\/\\\/www.vagasbr.com.br\\\/index.php\\\/publicar-vaga-com-destaque-no-vagaspoa\\\/#breadcrumb\",\"itemListElement\":[{\"@type\":\"ListItem\",\"position\":1,\"name\":\"Home\",\"item\":\"https:\\\/\\\/www.vagasbr.com.br\\\/\"},{\"@type\":\"ListItem\",\"position\":2,\"name\":\"Publicar Vaga com Destaque no VagasPOA\"}]},{\"@type\":\"WebSite\",\"@id\":\"https:\\\/\\\/www.vagasbr.com.br\\\/#website\",\"url\":\"https:\\\/\\\/www.vagasbr.com.br\\\/\",\"name\":\"VagasBR\",\"description\":\"Divulga\u00e7\u00e3o Gr\u00e1tis de Vagas de Emprego\",\"publisher\":{\"@id\":\"https:\\\/\\\/www.vagasbr.com.br\\\/#organization\"},\"potentialAction\":[{\"@type\":\"SearchAction\",\"target\":{\"@type\":\"EntryPoint\",\"urlTemplate\":\"https:\\\/\\\/www.vagasbr.com.br\\\/?s={search_term_string}\"},\"query-input\":{\"@type\":\"PropertyValueSpecification\",\"valueRequired\":true,\"valueName\":\"search_term_string\"}}],\"inLanguage\":\"pt-BR\"},{\"@type\":\"Organization\",\"@id\":\"https:\\\/\\\/www.vagasbr.com.br\\\/#organization\",\"name\":\"VagasBR\",\"url\":\"https:\\\/\\\/www.vagasbr.com.br\\\/\",\"logo\":{\"@type\":\"ImageObject\",\"inLanguage\":\"pt-BR\",\"@id\":\"https:\\\/\\\/www.vagasbr.com.br\\\/#\\\/schema\\\/logo\\\/image\\\/\",\"url\":\"https:\\\/\\\/www.vagasbr.com.br\\\/wp-content\\\/uploads\\\/2025\\\/05\\\/vbr-logo-1-1.jpg\",\"contentUrl\":\"https:\\\/\\\/www.vagasbr.com.br\\\/wp-content\\\/uploads\\\/2025\\\/05\\\/vbr-logo-1-1.jpg\",\"width\":229,\"height\":65,\"caption\":\"VagasBR\"},\"image\":{\"@id\":\"https:\\\/\\\/www.vagasbr.com.br\\\/#\\\/schema\\\/logo\\\/image\\\/\"}}]}<\/script>\n<!-- \/ Yoast SEO plugin. -->","yoast_head_json":{"title":"Publicar Vaga com Destaque no VagasPOA - VagasBR","robots":{"index":"index","follow":"follow","max-snippet":"max-snippet:-1","max-image-preview":"max-image-preview:large","max-video-preview":"max-video-preview:-1"},"canonical":"https:\/\/www.vagasbr.com.br\/index.php\/publicar-vaga-com-destaque-no-vagaspoa\/","og_locale":"pt_BR","og_type":"article","og_title":"Publicar Vaga com Destaque no VagasPOA - VagasBR","og_description":"A publica\u00e7\u00e3o de vagas em destaque \u00e9 um servi\u00e7o opcional pago para quem deseja dar mais destaque ao seu an\u00fancio de vaga. Com o destaque sua vaga aparecer\u00e1 no topo de todas as p\u00e1ginas de vagas do site durante 3 dias \u00fateis, em uma caixa de texto com cor de fundo diferenciado. S\u00e1bados, domingos e [&hellip;]","og_url":"https:\/\/www.vagasbr.com.br\/index.php\/publicar-vaga-com-destaque-no-vagaspoa\/","og_site_name":"VagasBR","article_modified_time":"2025-06-27T02:20:10+00:00","twitter_card":"summary_large_image","twitter_misc":{"Est. tempo de leitura":"2 minutos"},"schema":{"@context":"https:\/\/schema.org","@graph":[{"@type":"WebPage","@id":"https:\/\/www.vagasbr.com.br\/index.php\/publicar-vaga-com-destaque-no-vagaspoa\/","url":"https:\/\/www.vagasbr.com.br\/index.php\/publicar-vaga-com-destaque-no-vagaspoa\/","name":"Publicar Vaga com Destaque no VagasPOA - VagasBR","isPartOf":{"@id":"https:\/\/www.vagasbr.com.br\/#website"},"datePublished":"2025-06-27T02:19:02+00:00","dateModified":"2025-06-27T02:20:10+00:00","breadcrumb":{"@id":"https:\/\/www.vagasbr.com.br\/index.php\/publicar-vaga-com-destaque-no-vagaspoa\/#breadcrumb"},"inLanguage":"pt-BR","potentialAction":[{"@type":"ReadAction","target":["https:\/\/www.vagasbr.com.br\/index.php\/publicar-vaga-com-destaque-no-vagaspoa\/"]}]},{"@type":"BreadcrumbList","@id":"https:\/\/www.vagasbr.com.br\/index.php\/publicar-vaga-com-destaque-no-vagaspoa\/#breadcrumb","itemListElement":[{"@type":"ListItem","position":1,"name":"Home","item":"https:\/\/www.vagasbr.com.br\/"},{"@type":"ListItem","position":2,"name":"Publicar Vaga com Destaque no VagasPOA"}]},{"@type":"WebSite","@id":"https:\/\/www.vagasbr.com.br\/#website","url":"https:\/\/www.vagasbr.com.br\/","name":"VagasBR","description":"Divulga\u00e7\u00e3o Gr\u00e1tis de Vagas de Emprego","publisher":{"@id":"https:\/\/www.vagasbr.com.br\/#organization"},"potentialAction":[{"@type":"SearchAction","target":{"@type":"EntryPoint","urlTemplate":"https:\/\/www.vagasbr.com.br\/?s={search_term_string}"},"query-input":{"@type":"PropertyValueSpecification","valueRequired":true,"valueName":"search_term_string"}}],"inLanguage":"pt-BR"},{"@type":"Organization","@id":"https:\/\/www.vagasbr.com.br\/#organization","name":"VagasBR","url":"https:\/\/www.vagasbr.com.br\/","logo":{"@type":"ImageObject","inLanguage":"pt-BR","@id":"https:\/\/www.vagasbr.com.br\/#\/schema\/logo\/image\/","url":"https:\/\/www.vagasbr.com.br\/wp-content\/uploads\/2025\/05\/vbr-logo-1-1.jpg","contentUrl":"https:\/\/www.vagasbr.com.br\/wp-content\/uploads\/2025\/05\/vbr-logo-1-1.jpg","width":229,"height":65,"caption":"VagasBR"},"image":{"@id":"https:\/\/www.vagasbr.com.br\/#\/schema\/logo\/image\/"}}]}},"_links":{"self":[{"href":"https:\/\/www.vagasbr.com.br\/index.php\/wp-json\/wp\/v2\/pages\/125","targetHints":{"allow":["GET"]}}],"collection":[{"href":"https:\/\/www.vagasbr.com.br\/index.php\/wp-json\/wp\/v2\/pages"}],"about":[{"href":"https:\/\/www.vagasbr.com.br\/index.php\/wp-json\/wp\/v2\/types\/page"}],"author":[{"embeddable":true,"href":"https:\/\/www.vagasbr.com.br\/index.php\/wp-json\/wp\/v2\/users\/2"}],"replies":[{"embeddable":true,"href":"https:\/\/www.vagasbr.com.br\/index.php\/wp-json\/wp\/v2\/comments?post=125"}],"version-history":[{"count":2,"href":"https:\/\/www.vagasbr.com.br\/index.php\/wp-json\/wp\/v2\/pages\/125\/revisions"}],"predecessor-version":[{"id":127,"href":"https:\/\/www.vagasbr.com.br\/index.php\/wp-json\/wp\/v2\/pages\/125\/revisions\/127"}],"wp:attachment":[{"href":"https:\/\/www.vagasbr.com.br\/index.php\/wp-json\/wp\/v2\/media?parent=125"}],"curies":[{"name":"wp","href":"https:\/\/api.w.org\/{rel}","templated":true}]}}