{"id":104,"date":"2025-06-26T19:07:41","date_gmt":"2025-06-26T22:07:41","guid":{"rendered":"https:\/\/www.vagasbr.com.br\/?page_id=104"},"modified":"2025-06-26T23:30:15","modified_gmt":"2025-06-27T02:30:15","slug":"divulgar-vaga-no-rs","status":"publish","type":"page","link":"https:\/\/www.vagasbr.com.br\/index.php\/divulgar-vaga-no-rs\/","title":{"rendered":"Divulgar Vaga no VagasPOA"},"content":{"rendered":"<p style=\"text-align: justify;\">Para divulgar suas vagas gratuitamente no Vagas POA basta preencher o formul\u00e1rio abaixo. Em situa\u00e7\u00e3o normal geralmente divulgamos a vaga em no m\u00e1ximo 48 horas \u00fateis, demora superior a essa s\u00f3 costuma acontecer em \u00e9pocas de grande fluxo de vagas.<\/p>\n<p style=\"text-align: justify;\">Se desejar mais destaque para suas vagas, oferecemos tamb\u00e9m o servi\u00e7o opcional de divulga\u00e7\u00e3o com destaque, nesse link.<\/p>\n<ul>\n<li style=\"text-align: justify;\">N\u00e3o divulgamos an\u00fancios de cursos disfar\u00e7ados de vagas de emprego, pir\u00e2mides, MMN, sistemas de \u201ctrabalhe em casa\u201d e assemelhados.<\/li>\n<li style=\"text-align: justify;\">De acordo com a legisla\u00e7\u00e3o vigente salientamos que n\u00e3o \u00e9 permitido fazer restri\u00e7\u00e3o a sexo, idade, estado civil e ra\u00e7a ou exigir experi\u00eancia superior a 6 meses. An\u00fancios em que houver alguma restri\u00e7\u00e3o desse tipo ser\u00e3o editados ou n\u00e3o publicados.<\/li>\n<li style=\"text-align: justify;\">Vagas para trabalho aut\u00f4nomo devem ser claramente identificadas como tal no corpo do an\u00fancio. N\u00f3s publicamos vagas para trabalho aut\u00f4nomo, desde que o an\u00fancio n\u00e3o tente enganar o usu\u00e1rio.<\/li>\n<li style=\"text-align: justify;\">Favor n\u00e3o preencher os dados usando s\u00f3 letras mai\u00fasculas. Vagas cadastradas assim tomam tempo de nossa equipe para editar e podem ser simplesmente ignoradas.<\/li>\n<\/ul>\n\n<div class=\"wpcf7 no-js\" id=\"wpcf7-f122-o1\" lang=\"pt-BR\" dir=\"ltr\" data-wpcf7-id=\"122\">\n<div class=\"screen-reader-response\"><p role=\"status\" aria-live=\"polite\" aria-atomic=\"true\"><\/p> <ul><\/ul><\/div>\n<form action=\"\/index.php\/wp-json\/wp\/v2\/pages\/104#wpcf7-f122-o1\" method=\"post\" class=\"wpcf7-form init\" aria-label=\"Formul\u00e1rios de contato\" novalidate=\"novalidate\" data-status=\"init\">\n<fieldset class=\"hidden-fields-container\"><input type=\"hidden\" name=\"_wpcf7\" value=\"122\" \/><input type=\"hidden\" name=\"_wpcf7_version\" value=\"6.1.5\" \/><input type=\"hidden\" name=\"_wpcf7_locale\" value=\"pt_BR\" \/><input type=\"hidden\" name=\"_wpcf7_unit_tag\" value=\"wpcf7-f122-o1\" \/><input type=\"hidden\" name=\"_wpcf7_container_post\" value=\"0\" \/><input type=\"hidden\" name=\"_wpcf7_posted_data_hash\" value=\"\" \/>\n<\/fieldset>\n<p>T\u00edtulo do an\u00fancio (campo obrigat\u00f3rio - sugerimos que use o cargo)\n<\/p>\n<p><span class=\"wpcf7-form-control-wrap\" data-name=\"titulo_anuncio\"><input size=\"40\" maxlength=\"400\" class=\"wpcf7-form-control wpcf7-text wpcf7-validates-as-required\" aria-required=\"true\" aria-invalid=\"false\" value=\"\" type=\"text\" name=\"titulo_anuncio\" \/><\/span>\n<\/p>\n<p>Cidade da vaga (esse campo \u00e9 obrigat\u00f3rio)\n<\/p>\n<p><span class=\"wpcf7-form-control-wrap\" data-name=\"cidade\"><input size=\"40\" maxlength=\"400\" class=\"wpcf7-form-control wpcf7-text wpcf7-validates-as-required cidade\" id=\"cidade\" aria-required=\"true\" aria-invalid=\"false\" value=\"\" type=\"text\" name=\"cidade\" \/><\/span>\n<\/p>\n<p>Principais atribui\u00e7\u00f5es do cargo (esse campo \u00e9 opcional)\n<\/p>\n<p><span class=\"wpcf7-form-control-wrap\" data-name=\"atribuicoes\"><textarea cols=\"40\" rows=\"10\" maxlength=\"2000\" class=\"wpcf7-form-control wpcf7-textarea atribuicoes\" id=\"atribuicoes\" aria-invalid=\"false\" name=\"atribuicoes\"><\/textarea><\/span>\n<\/p>\n<p>Requisitos para o candidato (esse campo \u00e9 opcional)\n<\/p>\n<p><span class=\"wpcf7-form-control-wrap\" data-name=\"requisitos\"><textarea cols=\"40\" rows=\"10\" maxlength=\"2000\" class=\"wpcf7-form-control wpcf7-textarea requisitos\" id=\"requisitos\" aria-invalid=\"false\" name=\"requisitos\"><\/textarea><\/span>\n<\/p>\n<p>Jornada de trabalho (esse campo \u00e9 opcional)\n<\/p>\n<p><span class=\"wpcf7-form-control-wrap\" data-name=\"jornada\"><textarea cols=\"40\" rows=\"10\" maxlength=\"2000\" class=\"wpcf7-form-control wpcf7-textarea jornada\" id=\"jornada\" aria-invalid=\"false\" name=\"jornada\"><\/textarea><\/span>\n<\/p>\n<p>Sal\u00e1rio oferecido (esse campo \u00e9 opcional)\n<\/p>\n<p><span class=\"wpcf7-form-control-wrap\" data-name=\"salario\"><input size=\"40\" maxlength=\"400\" class=\"wpcf7-form-control wpcf7-text salario\" id=\"salario\" aria-invalid=\"false\" value=\"\" type=\"text\" name=\"salario\" \/><\/span>\n<\/p>\n<p>Benef\u00edcios oferecidos (esse campo \u00e9 opcional)\n<\/p>\n<p><span class=\"wpcf7-form-control-wrap\" data-name=\"beneficios\"><textarea cols=\"40\" rows=\"10\" maxlength=\"2000\" class=\"wpcf7-form-control wpcf7-textarea beneficios\" id=\"beneficios\" aria-invalid=\"false\" name=\"beneficios\"><\/textarea><\/span>\n<\/p>\n<p>Observa\u00e7\u00f5es (esse campo \u00e9 opcional)\n<\/p>\n<p><span class=\"wpcf7-form-control-wrap\" data-name=\"observacoes\"><input size=\"40\" maxlength=\"400\" class=\"wpcf7-form-control wpcf7-text observacoes\" id=\"observacoes\" aria-invalid=\"false\" value=\"\" type=\"text\" name=\"observacoes\" \/><\/span>\n<\/p>\n<p>E-mail para envio de curr\u00edculos (esse campo \u00e9 obrigat\u00f3rio)\n<\/p>\n<p><span class=\"wpcf7-form-control-wrap\" data-name=\"email_curriculo\"><input size=\"40\" maxlength=\"400\" class=\"wpcf7-form-control wpcf7-email wpcf7-validates-as-required wpcf7-text wpcf7-validates-as-email email_curriculo\" id=\"email_curriculo\" aria-required=\"true\" aria-invalid=\"false\" value=\"\" type=\"email\" name=\"email_curriculo\" \/><\/span>\n<\/p>\n<p align=justify><strong>Os dados a seguir n\u00e3o ser\u00e3o publicados no an\u00fancio, s\u00e3o para nosso cadastro interno.<\/strong>\n<\/p>\n<p>Empresa recrutadora (esse campo \u00e9 obrigat\u00f3rio)\n<\/p>\n<p><span class=\"wpcf7-form-control-wrap\" data-name=\"nome_empresa\"><input size=\"40\" maxlength=\"400\" class=\"wpcf7-form-control wpcf7-text wpcf7-validates-as-required nome_empresa\" id=\"nome_empresa\" aria-required=\"true\" aria-invalid=\"false\" value=\"\" type=\"text\" name=\"nome_empresa\" \/><\/span>\n<\/p>\n<p>Funcion\u00e1rio respons\u00e1vel pela vaga (esse campo \u00e9 obrigat\u00f3rio)\n<\/p>\n<p><span class=\"wpcf7-form-control-wrap\" data-name=\"nome_recrutador\"><input size=\"40\" maxlength=\"400\" class=\"wpcf7-form-control wpcf7-text wpcf7-validates-as-required nome_recrutador\" id=\"nome_recrutador\" aria-required=\"true\" aria-invalid=\"false\" value=\"\" type=\"text\" name=\"nome_recrutador\" \/><\/span>\n<\/p>\n<p>CNPJ (obrigat\u00f3rio)\n<\/p>\n<p><span style=\"color:red\">ser\u00e1 checado, se n\u00e3o corresponder \u00e0 empresa o an\u00fancio n\u00e3o ser\u00e1 publicado<\/span><br \/>\n<span class=\"wpcf7-form-control-wrap\" data-name=\"cnpj_cpf\"><input size=\"40\" maxlength=\"400\" class=\"wpcf7-form-control wpcf7-text wpcf7-validates-as-required cnpj_cpf\" id=\"cnpj_cpf\" aria-required=\"true\" aria-invalid=\"false\" value=\"\" type=\"text\" name=\"cnpj_cpf\" \/><\/span>\n<\/p>\n<p>Observa\u00e7\u00f5es (n\u00e3o obrigat\u00f3rio - observa\u00e7\u00f5es que sejam destinadas \u00e0 nossa equipe - n\u00e3o ser\u00e3o publicadas no an\u00fancio)\n<\/p>\n<p><span class=\"wpcf7-form-control-wrap\" data-name=\"observacoes_confidenciais\"><input size=\"40\" maxlength=\"400\" class=\"wpcf7-form-control wpcf7-text\" aria-invalid=\"false\" value=\"\" type=\"text\" name=\"observacoes_confidenciais\" \/><\/span>\n<\/p>\n<p>E-mail para contato (obrigat\u00f3rio - e-mail para que possamos entrar em contato com voc\u00ea em caso de d\u00favidas no an\u00fancio)\n<\/p>\n<p><span style=\"color:red\">n\u00e3o pode ser e-mail gratuito - se for a vaga ser\u00e1 descartada<\/span><br \/>\n<span class=\"wpcf7-form-control-wrap\" data-name=\"your-email\"><input size=\"40\" maxlength=\"400\" class=\"wpcf7-form-control wpcf7-email wpcf7-validates-as-required wpcf7-text wpcf7-validates-as-email\" aria-required=\"true\" aria-invalid=\"false\" value=\"\" type=\"email\" name=\"your-email\" \/><\/span>\n<\/p>\n<p><input class=\"wpcf7-form-control wpcf7-submit has-spinner\" type=\"submit\" value=\"Enviar\" \/>\n<\/p><div class=\"wpcf7-response-output\" aria-hidden=\"true\"><\/div>\n<\/form>\n<\/div>\n\n","protected":false},"excerpt":{"rendered":"<p>Para divulgar suas vagas gratuitamente no Vagas POA basta preencher o formul\u00e1rio abaixo. Em situa\u00e7\u00e3o normal geralmente divulgamos a vaga em no m\u00e1ximo 48 horas \u00fateis, demora superior a essa s\u00f3 costuma acontecer em \u00e9pocas de grande fluxo de vagas. Se desejar mais destaque para suas vagas, oferecemos tamb\u00e9m o servi\u00e7o opcional de divulga\u00e7\u00e3o com [&hellip;]<\/p>\n","protected":false},"author":2,"featured_media":0,"parent":0,"menu_order":0,"comment_status":"closed","ping_status":"closed","template":"","meta":{"footnotes":""},"class_list":["post-104","page","type-page","status-publish","hentry"],"yoast_head":"<!-- This site is optimized with the Yoast SEO plugin v27.4 - https:\/\/yoast.com\/product\/yoast-seo-wordpress\/ -->\n<title>Divulgar Vaga no VagasPOA - VagasBR<\/title>\n<meta name=\"robots\" content=\"index, follow, max-snippet:-1, max-image-preview:large, max-video-preview:-1\" \/>\n<link rel=\"canonical\" href=\"https:\/\/www.vagasbr.com.br\/index.php\/divulgar-vaga-no-rs\/\" \/>\n<meta property=\"og:locale\" content=\"pt_BR\" \/>\n<meta property=\"og:type\" content=\"article\" \/>\n<meta property=\"og:title\" content=\"Divulgar Vaga no VagasPOA - VagasBR\" \/>\n<meta property=\"og:description\" content=\"Para divulgar suas vagas gratuitamente no Vagas POA basta preencher o formul\u00e1rio abaixo. Em situa\u00e7\u00e3o normal geralmente divulgamos a vaga em no m\u00e1ximo 48 horas \u00fateis, demora superior a essa s\u00f3 costuma acontecer em \u00e9pocas de grande fluxo de vagas. Se desejar mais destaque para suas vagas, oferecemos tamb\u00e9m o servi\u00e7o opcional de divulga\u00e7\u00e3o com [&hellip;]\" \/>\n<meta property=\"og:url\" content=\"https:\/\/www.vagasbr.com.br\/index.php\/divulgar-vaga-no-rs\/\" \/>\n<meta property=\"og:site_name\" content=\"VagasBR\" \/>\n<meta property=\"article:modified_time\" content=\"2025-06-27T02:30:15+00:00\" \/>\n<meta name=\"twitter:card\" content=\"summary_large_image\" \/>\n<meta name=\"twitter:label1\" content=\"Est. tempo de leitura\" \/>\n\t<meta name=\"twitter:data1\" content=\"1 minuto\" \/>\n<script type=\"application\/ld+json\" class=\"yoast-schema-graph\">{\"@context\":\"https:\\\/\\\/schema.org\",\"@graph\":[{\"@type\":\"WebPage\",\"@id\":\"https:\\\/\\\/www.vagasbr.com.br\\\/index.php\\\/divulgar-vaga-no-rs\\\/\",\"url\":\"https:\\\/\\\/www.vagasbr.com.br\\\/index.php\\\/divulgar-vaga-no-rs\\\/\",\"name\":\"Divulgar Vaga no VagasPOA - VagasBR\",\"isPartOf\":{\"@id\":\"https:\\\/\\\/www.vagasbr.com.br\\\/#website\"},\"datePublished\":\"2025-06-26T22:07:41+00:00\",\"dateModified\":\"2025-06-27T02:30:15+00:00\",\"breadcrumb\":{\"@id\":\"https:\\\/\\\/www.vagasbr.com.br\\\/index.php\\\/divulgar-vaga-no-rs\\\/#breadcrumb\"},\"inLanguage\":\"pt-BR\",\"potentialAction\":[{\"@type\":\"ReadAction\",\"target\":[\"https:\\\/\\\/www.vagasbr.com.br\\\/index.php\\\/divulgar-vaga-no-rs\\\/\"]}]},{\"@type\":\"BreadcrumbList\",\"@id\":\"https:\\\/\\\/www.vagasbr.com.br\\\/index.php\\\/divulgar-vaga-no-rs\\\/#breadcrumb\",\"itemListElement\":[{\"@type\":\"ListItem\",\"position\":1,\"name\":\"Home\",\"item\":\"https:\\\/\\\/www.vagasbr.com.br\\\/\"},{\"@type\":\"ListItem\",\"position\":2,\"name\":\"Divulgar Vaga no VagasPOA\"}]},{\"@type\":\"WebSite\",\"@id\":\"https:\\\/\\\/www.vagasbr.com.br\\\/#website\",\"url\":\"https:\\\/\\\/www.vagasbr.com.br\\\/\",\"name\":\"VagasBR\",\"description\":\"Divulga\u00e7\u00e3o Gr\u00e1tis de Vagas de Emprego\",\"publisher\":{\"@id\":\"https:\\\/\\\/www.vagasbr.com.br\\\/#organization\"},\"potentialAction\":[{\"@type\":\"SearchAction\",\"target\":{\"@type\":\"EntryPoint\",\"urlTemplate\":\"https:\\\/\\\/www.vagasbr.com.br\\\/?s={search_term_string}\"},\"query-input\":{\"@type\":\"PropertyValueSpecification\",\"valueRequired\":true,\"valueName\":\"search_term_string\"}}],\"inLanguage\":\"pt-BR\"},{\"@type\":\"Organization\",\"@id\":\"https:\\\/\\\/www.vagasbr.com.br\\\/#organization\",\"name\":\"VagasBR\",\"url\":\"https:\\\/\\\/www.vagasbr.com.br\\\/\",\"logo\":{\"@type\":\"ImageObject\",\"inLanguage\":\"pt-BR\",\"@id\":\"https:\\\/\\\/www.vagasbr.com.br\\\/#\\\/schema\\\/logo\\\/image\\\/\",\"url\":\"https:\\\/\\\/www.vagasbr.com.br\\\/wp-content\\\/uploads\\\/2025\\\/05\\\/vbr-logo-1-1.jpg\",\"contentUrl\":\"https:\\\/\\\/www.vagasbr.com.br\\\/wp-content\\\/uploads\\\/2025\\\/05\\\/vbr-logo-1-1.jpg\",\"width\":229,\"height\":65,\"caption\":\"VagasBR\"},\"image\":{\"@id\":\"https:\\\/\\\/www.vagasbr.com.br\\\/#\\\/schema\\\/logo\\\/image\\\/\"}}]}<\/script>\n<!-- \/ Yoast SEO plugin. -->","yoast_head_json":{"title":"Divulgar Vaga no VagasPOA - VagasBR","robots":{"index":"index","follow":"follow","max-snippet":"max-snippet:-1","max-image-preview":"max-image-preview:large","max-video-preview":"max-video-preview:-1"},"canonical":"https:\/\/www.vagasbr.com.br\/index.php\/divulgar-vaga-no-rs\/","og_locale":"pt_BR","og_type":"article","og_title":"Divulgar Vaga no VagasPOA - VagasBR","og_description":"Para divulgar suas vagas gratuitamente no Vagas POA basta preencher o formul\u00e1rio abaixo. Em situa\u00e7\u00e3o normal geralmente divulgamos a vaga em no m\u00e1ximo 48 horas \u00fateis, demora superior a essa s\u00f3 costuma acontecer em \u00e9pocas de grande fluxo de vagas. Se desejar mais destaque para suas vagas, oferecemos tamb\u00e9m o servi\u00e7o opcional de divulga\u00e7\u00e3o com [&hellip;]","og_url":"https:\/\/www.vagasbr.com.br\/index.php\/divulgar-vaga-no-rs\/","og_site_name":"VagasBR","article_modified_time":"2025-06-27T02:30:15+00:00","twitter_card":"summary_large_image","twitter_misc":{"Est. tempo de leitura":"1 minuto"},"schema":{"@context":"https:\/\/schema.org","@graph":[{"@type":"WebPage","@id":"https:\/\/www.vagasbr.com.br\/index.php\/divulgar-vaga-no-rs\/","url":"https:\/\/www.vagasbr.com.br\/index.php\/divulgar-vaga-no-rs\/","name":"Divulgar Vaga no VagasPOA - VagasBR","isPartOf":{"@id":"https:\/\/www.vagasbr.com.br\/#website"},"datePublished":"2025-06-26T22:07:41+00:00","dateModified":"2025-06-27T02:30:15+00:00","breadcrumb":{"@id":"https:\/\/www.vagasbr.com.br\/index.php\/divulgar-vaga-no-rs\/#breadcrumb"},"inLanguage":"pt-BR","potentialAction":[{"@type":"ReadAction","target":["https:\/\/www.vagasbr.com.br\/index.php\/divulgar-vaga-no-rs\/"]}]},{"@type":"BreadcrumbList","@id":"https:\/\/www.vagasbr.com.br\/index.php\/divulgar-vaga-no-rs\/#breadcrumb","itemListElement":[{"@type":"ListItem","position":1,"name":"Home","item":"https:\/\/www.vagasbr.com.br\/"},{"@type":"ListItem","position":2,"name":"Divulgar Vaga no VagasPOA"}]},{"@type":"WebSite","@id":"https:\/\/www.vagasbr.com.br\/#website","url":"https:\/\/www.vagasbr.com.br\/","name":"VagasBR","description":"Divulga\u00e7\u00e3o Gr\u00e1tis de Vagas de Emprego","publisher":{"@id":"https:\/\/www.vagasbr.com.br\/#organization"},"potentialAction":[{"@type":"SearchAction","target":{"@type":"EntryPoint","urlTemplate":"https:\/\/www.vagasbr.com.br\/?s={search_term_string}"},"query-input":{"@type":"PropertyValueSpecification","valueRequired":true,"valueName":"search_term_string"}}],"inLanguage":"pt-BR"},{"@type":"Organization","@id":"https:\/\/www.vagasbr.com.br\/#organization","name":"VagasBR","url":"https:\/\/www.vagasbr.com.br\/","logo":{"@type":"ImageObject","inLanguage":"pt-BR","@id":"https:\/\/www.vagasbr.com.br\/#\/schema\/logo\/image\/","url":"https:\/\/www.vagasbr.com.br\/wp-content\/uploads\/2025\/05\/vbr-logo-1-1.jpg","contentUrl":"https:\/\/www.vagasbr.com.br\/wp-content\/uploads\/2025\/05\/vbr-logo-1-1.jpg","width":229,"height":65,"caption":"VagasBR"},"image":{"@id":"https:\/\/www.vagasbr.com.br\/#\/schema\/logo\/image\/"}}]}},"_links":{"self":[{"href":"https:\/\/www.vagasbr.com.br\/index.php\/wp-json\/wp\/v2\/pages\/104","targetHints":{"allow":["GET"]}}],"collection":[{"href":"https:\/\/www.vagasbr.com.br\/index.php\/wp-json\/wp\/v2\/pages"}],"about":[{"href":"https:\/\/www.vagasbr.com.br\/index.php\/wp-json\/wp\/v2\/types\/page"}],"author":[{"embeddable":true,"href":"https:\/\/www.vagasbr.com.br\/index.php\/wp-json\/wp\/v2\/users\/2"}],"replies":[{"embeddable":true,"href":"https:\/\/www.vagasbr.com.br\/index.php\/wp-json\/wp\/v2\/comments?post=104"}],"version-history":[{"count":4,"href":"https:\/\/www.vagasbr.com.br\/index.php\/wp-json\/wp\/v2\/pages\/104\/revisions"}],"predecessor-version":[{"id":129,"href":"https:\/\/www.vagasbr.com.br\/index.php\/wp-json\/wp\/v2\/pages\/104\/revisions\/129"}],"wp:attachment":[{"href":"https:\/\/www.vagasbr.com.br\/index.php\/wp-json\/wp\/v2\/media?parent=104"}],"curies":[{"name":"wp","href":"https:\/\/api.w.org\/{rel}","templated":true}]}}